{"id":1452,"date":"2013-10-16T12:05:38","date_gmt":"2013-10-16T12:05:38","guid":{"rendered":"http:\/\/demo.qodeinteractive.com\/bridge31\/?page_id=1452"},"modified":"2023-07-10T17:35:16","modified_gmt":"2023-07-10T14:35:16","slug":"iletisim","status":"publish","type":"page","link":"https:\/\/www.yagmurproje.com\/en\/iletisim\/","title":{"rendered":"contact"},"content":{"rendered":"<p>[vc_row row_type=&#8221;row&#8221; use_row_as_full_screen_section=&#8221;no&#8221; type=&#8221;full_width&#8221; angled_section=&#8221;no&#8221; text_align=&#8221;left&#8221; background_image_as_pattern=&#8221;without_pattern&#8221; padding_bottom=&#8221;40&#8243; css_animation=&#8221;&#8221;][vc_column][vc_column_text]Address : T\u00fcrkali, N\u00fczhetiye Cd. No:18 No: 21-23, 34357 Be\u015fikta\u015f\/\u0130stanbul<\/p>\n<p>Phone : +90 212 603 23 30<\/p>\n<p>Fax : +90 212 603 23 34<\/p>\n<p>E-mail: <a href=\"mailto:info@yagmurproje.com\">info@yagmurproje.com<\/a><\/p>\n<p><code> <\/code><br \/>\n<code> <\/code><br \/>\n<code> <\/code>[\/vc_column_text][vc_column_text]<\/p>\n<h2>job and internship applicants<\/h2>\n<p>[\/vc_column_text][vc_separator type=&#8221;small&#8221; position=&#8221;left&#8221; color=&#8221;#ffffff&#8221; up=&#8221;6&#8243; down=&#8221;6&#8243;][vc_column_text]You can send your CV and portfolio to <a href=\"mailto:kariyer@yagmurproje.com\">kariyer@yagmurproje.com<\/a><br \/>\n<code>\u00a0<\/code><br \/>\nCVs and portfolios should not exceed 10 MB and internship applications must be submitted by 1 April.<\/p>\n<p><code> <\/code><br \/>\n<code> <\/code><br \/>\n<code> <\/code>[\/vc_column_text]<span class='q_social_icon_holder normal_social' ><a itemprop='url' href='https:\/\/twitter.com\/yagmurproje' target='_blank'><i class=\"qode_icon_font_awesome fa fa-twitter fa-lg simple_social\" style=\"margin: 0 13px 0 0;\" ><\/i><\/a><\/span><span class='q_social_icon_holder normal_social' ><a itemprop='url' href='https:\/\/www.facebook.com\/yagmurprojeistanbul' target='_blank'><i class=\"qode_icon_font_awesome fa fa-facebook fa-lg simple_social\" style=\"margin: 0 13px 0 0;\" ><\/i><\/a><\/span><span class='q_social_icon_holder normal_social' ><a itemprop='url' href='https:\/\/www.instagram.com\/yagmurproje' target='_blank'><i class=\"qode_icon_font_awesome fa fa-instagram fa-lg simple_social\" style=\"margin: 0 13px 0 0;\" ><\/i><\/a><\/span>[\/vc_column][\/vc_row]<\/p>\n","protected":false},"excerpt":{"rendered":"<p>[vc_row row_type=&#8221;row&#8221; use_row_as_full_screen_section=&#8221;no&#8221; type=&#8221;full_width&#8221; angled_section=&#8221;no&#8221; text_align=&#8221;left&#8221; background_image_as_pattern=&#8221;without_pattern&#8221; padding_bottom=&#8221;40&#8243; css_animation=&#8221;&#8221;][vc_column][vc_column_text]Address : T\u00fcrkali, N\u00fczhetiye Cd. No:18 No: 21-23, 34357 Be\u015fikta\u015f\/\u0130stanbul Phone :&#8230;<\/p>\n","protected":false},"author":1,"featured_media":0,"parent":0,"menu_order":0,"comment_status":"open","ping_status":"open","template":"contact-page.php","meta":{"footnotes":""},"class_list":["post-1452","page","type-page","status-publish","hentry"],"_links":{"self":[{"href":"https:\/\/www.yagmurproje.com\/en\/wp-json\/wp\/v2\/pages\/1452","targetHints":{"allow":["GET"]}}],"collection":[{"href":"https:\/\/www.yagmurproje.com\/en\/wp-json\/wp\/v2\/pages"}],"about":[{"href":"https:\/\/www.yagmurproje.com\/en\/wp-json\/wp\/v2\/types\/page"}],"author":[{"embeddable":true,"href":"https:\/\/www.yagmurproje.com\/en\/wp-json\/wp\/v2\/users\/1"}],"replies":[{"embeddable":true,"href":"https:\/\/www.yagmurproje.com\/en\/wp-json\/wp\/v2\/comments?post=1452"}],"version-history":[{"count":36,"href":"https:\/\/www.yagmurproje.com\/en\/wp-json\/wp\/v2\/pages\/1452\/revisions"}],"predecessor-version":[{"id":17310,"href":"https:\/\/www.yagmurproje.com\/en\/wp-json\/wp\/v2\/pages\/1452\/revisions\/17310"}],"wp:attachment":[{"href":"https:\/\/www.yagmurproje.com\/en\/wp-json\/wp\/v2\/media?parent=1452"}],"curies":[{"name":"wp","href":"https:\/\/api.w.org\/{rel}","templated":true}]}}